{"id":7170,"date":"2021-01-16T18:06:22","date_gmt":"2021-01-16T18:06:22","guid":{"rendered":"http:\/\/www.atasgroup.com\/?product=fe-allik-firca"},"modified":"2021-05-01T15:08:36","modified_gmt":"2021-05-01T15:08:36","slug":"fe-allik-firca","status":"publish","type":"product","link":"https:\/\/www.atasgroup.com\/en\/urun\/fe-allik-firca\/","title":{"rendered":"Fe All\u0131k F\u0131r\u00e7a"},"content":{"rendered":"<p>F\u0131r\u00e7an\u0131n ucunu daraltarak all\u0131k veya pudraya dokundurun ve y\u00fcz\u00fcn\u00fcze uygulay\u0131n. Yumu\u015fak k\u0131llar dairesel hareket i\u00e7in idealdir.<\/p>\n","protected":false},"excerpt":{"rendered":"<p>F\u0131r\u00e7an\u0131n ucunu daraltarak all\u0131k veya pudraya dokundurun ve y\u00fcz\u00fcn\u00fcze uygulay\u0131n. Yumu\u015fak k\u0131llar dairesel hareket i\u00e7in idealdir.<\/p>\n","protected":false},"featured_media":6606,"template":"","meta":[],"product_cat":[149],"product_tag":[],"yoast_head":"<!-- This site is optimized with the Yoast SEO plugin v24.5 - https:\/\/yoast.com\/wordpress\/plugins\/seo\/ -->\n<title>Fe All\u0131k F\u0131r\u00e7a | Atasgroup<\/title>\n<meta name=\"robots\" content=\"index, follow, max-snippet:-1, max-image-preview:large, max-video-preview:-1\" \/>\n<link rel=\"canonical\" href=\"https:\/\/www.atasgroup.com\/en\/urun\/fe-allik-firca\/\" \/>\n<meta property=\"og:locale\" content=\"en_US\" \/>\n<meta property=\"og:type\" content=\"article\" \/>\n<meta property=\"og:title\" content=\"Fe All\u0131k F\u0131r\u00e7a | Atasgroup\" \/>\n<meta property=\"og:description\" content=\"F\u0131r\u00e7an\u0131n ucunu daraltarak all\u0131k veya pudraya dokundurun ve y\u00fcz\u00fcn\u00fcze uygulay\u0131n. Yumu\u015fak k\u0131llar dairesel hareket i\u00e7in idealdir.\" \/>\n<meta property=\"og:url\" content=\"https:\/\/www.atasgroup.com\/en\/urun\/fe-allik-firca\/\" \/>\n<meta property=\"og:site_name\" content=\"Atasgroup\" \/>\n<meta property=\"article:modified_time\" content=\"2021-05-01T15:08:36+00:00\" \/>\n<meta property=\"og:image\" content=\"https:\/\/www.atasgroup.com\/wp-content\/uploads\/2021\/01\/FEPI038-Allik-Firc\u0327asi-Kutulu-2.jpg\" \/>\n\t<meta property=\"og:image:width\" content=\"2500\" \/>\n\t<meta property=\"og:image:height\" content=\"2500\" \/>\n\t<meta property=\"og:image:type\" content=\"image\/jpeg\" \/>\n<meta name=\"twitter:card\" content=\"summary_large_image\" \/>\n<script type=\"application\/ld+json\" class=\"yoast-schema-graph\">{\"@context\":\"https:\/\/schema.org\",\"@graph\":[{\"@type\":\"WebPage\",\"@id\":\"https:\/\/www.atasgroup.com\/en\/urun\/fe-allik-firca\/\",\"url\":\"https:\/\/www.atasgroup.com\/en\/urun\/fe-allik-firca\/\",\"name\":\"Fe All\u0131k F\u0131r\u00e7a | Atasgroup\",\"isPartOf\":{\"@id\":\"https:\/\/www.atasgroup.com\/en\/#website\"},\"primaryImageOfPage\":{\"@id\":\"https:\/\/www.atasgroup.com\/en\/urun\/fe-allik-firca\/#primaryimage\"},\"image\":{\"@id\":\"https:\/\/www.atasgroup.com\/en\/urun\/fe-allik-firca\/#primaryimage\"},\"thumbnailUrl\":\"https:\/\/www.atasgroup.com\/wp-content\/uploads\/2021\/01\/FEPI038-Allik-Firc\u0327asi-Kutulu-2.jpg\",\"datePublished\":\"2021-01-16T18:06:22+00:00\",\"dateModified\":\"2021-05-01T15:08:36+00:00\",\"breadcrumb\":{\"@id\":\"https:\/\/www.atasgroup.com\/en\/urun\/fe-allik-firca\/#breadcrumb\"},\"inLanguage\":\"en-US\",\"potentialAction\":[{\"@type\":\"ReadAction\",\"target\":[\"https:\/\/www.atasgroup.com\/en\/urun\/fe-allik-firca\/\"]}]},{\"@type\":\"ImageObject\",\"inLanguage\":\"en-US\",\"@id\":\"https:\/\/www.atasgroup.com\/en\/urun\/fe-allik-firca\/#primaryimage\",\"url\":\"https:\/\/www.atasgroup.com\/wp-content\/uploads\/2021\/01\/FEPI038-Allik-Firc\u0327asi-Kutulu-2.jpg\",\"contentUrl\":\"https:\/\/www.atasgroup.com\/wp-content\/uploads\/2021\/01\/FEPI038-Allik-Firc\u0327asi-Kutulu-2.jpg\",\"width\":2500,\"height\":2500},{\"@type\":\"BreadcrumbList\",\"@id\":\"https:\/\/www.atasgroup.com\/en\/urun\/fe-allik-firca\/#breadcrumb\",\"itemListElement\":[{\"@type\":\"ListItem\",\"position\":1,\"name\":\"Anasayfa\",\"item\":\"https:\/\/www.atasgroup.com\/en\/\"},{\"@type\":\"ListItem\",\"position\":2,\"name\":\"Ma\u011faza\",\"item\":\"https:\/\/www.atasgroup.com\/magaza\/\"},{\"@type\":\"ListItem\",\"position\":3,\"name\":\"Fe All\u0131k F\u0131r\u00e7a\"}]},{\"@type\":\"WebSite\",\"@id\":\"https:\/\/www.atasgroup.com\/en\/#website\",\"url\":\"https:\/\/www.atasgroup.com\/en\/\",\"name\":\"Atasgroup\",\"description\":\"Atas Group\",\"publisher\":{\"@id\":\"https:\/\/www.atasgroup.com\/en\/#organization\"},\"potentialAction\":[{\"@type\":\"SearchAction\",\"target\":{\"@type\":\"EntryPoint\",\"urlTemplate\":\"https:\/\/www.atasgroup.com\/en\/?s={search_term_string}\"},\"query-input\":{\"@type\":\"PropertyValueSpecification\",\"valueRequired\":true,\"valueName\":\"search_term_string\"}}],\"inLanguage\":\"en-US\"},{\"@type\":\"Organization\",\"@id\":\"https:\/\/www.atasgroup.com\/en\/#organization\",\"name\":\"Ata\u015f Group\",\"url\":\"https:\/\/www.atasgroup.com\/en\/\",\"logo\":{\"@type\":\"ImageObject\",\"inLanguage\":\"en-US\",\"@id\":\"https:\/\/www.atasgroup.com\/en\/#\/schema\/logo\/image\/\",\"url\":\"https:\/\/www.atasgroup.com\/wp-content\/uploads\/2021\/01\/logo.png\",\"contentUrl\":\"https:\/\/www.atasgroup.com\/wp-content\/uploads\/2021\/01\/logo.png\",\"width\":300,\"height\":72,\"caption\":\"Ata\u015f Group\"},\"image\":{\"@id\":\"https:\/\/www.atasgroup.com\/en\/#\/schema\/logo\/image\/\"}}]}<\/script>\n<!-- \/ Yoast SEO plugin. -->","yoast_head_json":{"title":"Fe All\u0131k F\u0131r\u00e7a | Atasgroup","robots":{"index":"index","follow":"follow","max-snippet":"max-snippet:-1","max-image-preview":"max-image-preview:large","max-video-preview":"max-video-preview:-1"},"canonical":"https:\/\/www.atasgroup.com\/en\/urun\/fe-allik-firca\/","og_locale":"en_US","og_type":"article","og_title":"Fe All\u0131k F\u0131r\u00e7a | Atasgroup","og_description":"F\u0131r\u00e7an\u0131n ucunu daraltarak all\u0131k veya pudraya dokundurun ve y\u00fcz\u00fcn\u00fcze uygulay\u0131n. Yumu\u015fak k\u0131llar dairesel hareket i\u00e7in idealdir.","og_url":"https:\/\/www.atasgroup.com\/en\/urun\/fe-allik-firca\/","og_site_name":"Atasgroup","article_modified_time":"2021-05-01T15:08:36+00:00","og_image":[{"width":2500,"height":2500,"url":"https:\/\/www.atasgroup.com\/wp-content\/uploads\/2021\/01\/FEPI038-Allik-Firc\u0327asi-Kutulu-2.jpg","type":"image\/jpeg"}],"twitter_card":"summary_large_image","schema":{"@context":"https:\/\/schema.org","@graph":[{"@type":"WebPage","@id":"https:\/\/www.atasgroup.com\/en\/urun\/fe-allik-firca\/","url":"https:\/\/www.atasgroup.com\/en\/urun\/fe-allik-firca\/","name":"Fe All\u0131k F\u0131r\u00e7a | Atasgroup","isPartOf":{"@id":"https:\/\/www.atasgroup.com\/en\/#website"},"primaryImageOfPage":{"@id":"https:\/\/www.atasgroup.com\/en\/urun\/fe-allik-firca\/#primaryimage"},"image":{"@id":"https:\/\/www.atasgroup.com\/en\/urun\/fe-allik-firca\/#primaryimage"},"thumbnailUrl":"https:\/\/www.atasgroup.com\/wp-content\/uploads\/2021\/01\/FEPI038-Allik-Firc\u0327asi-Kutulu-2.jpg","datePublished":"2021-01-16T18:06:22+00:00","dateModified":"2021-05-01T15:08:36+00:00","breadcrumb":{"@id":"https:\/\/www.atasgroup.com\/en\/urun\/fe-allik-firca\/#breadcrumb"},"inLanguage":"en-US","potentialAction":[{"@type":"ReadAction","target":["https:\/\/www.atasgroup.com\/en\/urun\/fe-allik-firca\/"]}]},{"@type":"ImageObject","inLanguage":"en-US","@id":"https:\/\/www.atasgroup.com\/en\/urun\/fe-allik-firca\/#primaryimage","url":"https:\/\/www.atasgroup.com\/wp-content\/uploads\/2021\/01\/FEPI038-Allik-Firc\u0327asi-Kutulu-2.jpg","contentUrl":"https:\/\/www.atasgroup.com\/wp-content\/uploads\/2021\/01\/FEPI038-Allik-Firc\u0327asi-Kutulu-2.jpg","width":2500,"height":2500},{"@type":"BreadcrumbList","@id":"https:\/\/www.atasgroup.com\/en\/urun\/fe-allik-firca\/#breadcrumb","itemListElement":[{"@type":"ListItem","position":1,"name":"Anasayfa","item":"https:\/\/www.atasgroup.com\/en\/"},{"@type":"ListItem","position":2,"name":"Ma\u011faza","item":"https:\/\/www.atasgroup.com\/magaza\/"},{"@type":"ListItem","position":3,"name":"Fe All\u0131k F\u0131r\u00e7a"}]},{"@type":"WebSite","@id":"https:\/\/www.atasgroup.com\/en\/#website","url":"https:\/\/www.atasgroup.com\/en\/","name":"Atasgroup","description":"Atas Group","publisher":{"@id":"https:\/\/www.atasgroup.com\/en\/#organization"},"potentialAction":[{"@type":"SearchAction","target":{"@type":"EntryPoint","urlTemplate":"https:\/\/www.atasgroup.com\/en\/?s={search_term_string}"},"query-input":{"@type":"PropertyValueSpecification","valueRequired":true,"valueName":"search_term_string"}}],"inLanguage":"en-US"},{"@type":"Organization","@id":"https:\/\/www.atasgroup.com\/en\/#organization","name":"Ata\u015f Group","url":"https:\/\/www.atasgroup.com\/en\/","logo":{"@type":"ImageObject","inLanguage":"en-US","@id":"https:\/\/www.atasgroup.com\/en\/#\/schema\/logo\/image\/","url":"https:\/\/www.atasgroup.com\/wp-content\/uploads\/2021\/01\/logo.png","contentUrl":"https:\/\/www.atasgroup.com\/wp-content\/uploads\/2021\/01\/logo.png","width":300,"height":72,"caption":"Ata\u015f Group"},"image":{"@id":"https:\/\/www.atasgroup.com\/en\/#\/schema\/logo\/image\/"}}]}},"_links":{"self":[{"href":"https:\/\/www.atasgroup.com\/en\/wp-json\/wp\/v2\/product\/7170"}],"collection":[{"href":"https:\/\/www.atasgroup.com\/en\/wp-json\/wp\/v2\/product"}],"about":[{"href":"https:\/\/www.atasgroup.com\/en\/wp-json\/wp\/v2\/types\/product"}],"wp:featuredmedia":[{"embeddable":true,"href":"https:\/\/www.atasgroup.com\/en\/wp-json\/wp\/v2\/media\/6606"}],"wp:attachment":[{"href":"https:\/\/www.atasgroup.com\/en\/wp-json\/wp\/v2\/media?parent=7170"}],"wp:term":[{"taxonomy":"product_cat","embeddable":true,"href":"https:\/\/www.atasgroup.com\/en\/wp-json\/wp\/v2\/product_cat?post=7170"},{"taxonomy":"product_tag","embeddable":true,"href":"https:\/\/www.atasgroup.com\/en\/wp-json\/wp\/v2\/product_tag?post=7170"}],"curies":[{"name":"wp","href":"https:\/\/api.w.org\/{rel}","templated":true}]}}