{"id":7118,"date":"2021-01-16T18:06:10","date_gmt":"2021-01-16T18:06:10","guid":{"rendered":"http:\/\/www.atasgroup.com\/?product=fe-dis-pastasi-naneli-smokers-90-gr"},"modified":"2021-05-24T20:25:44","modified_gmt":"2021-05-24T20:25:44","slug":"fe-dis-pastasi-naneli-smokers-90-gr","status":"publish","type":"product","link":"https:\/\/www.atasgroup.com\/es\/urun\/fe-dis-pastasi-naneli-smokers-90-gr\/","title":{"rendered":"Fe Di\u015f Pastasi Naneli  \/ Smokers  90  Gr"},"content":{"rendered":"<p>Tartar,plak ve di\u015f \u00e7\u00fcr\u00fcmeleri olu\u015fumunu \u00f6nlemeye,sigara,\u00e7ay,kahve vb.y\u00fczeysel lekelerini gidermeye yard\u0131mc\u0131 olur.Di\u015flerinizde ideal bir beyazl\u0131k ve parlakl\u0131k sa\u011flar.Di\u015flere zarar vermeden,i\u00e7erdi\u011fi aromas\u0131 ile a\u011f\u0131zda uzun s\u00fcreli ho\u015f bir koku ve ferahl\u0131k b\u0131rak\u0131r.<\/p>\n","protected":false},"excerpt":{"rendered":"<p>Tartar,plak ve di\u015f \u00e7\u00fcr\u00fcmeleri olu\u015fumunu \u00f6nlemeye,sigara,\u00e7ay,kahve vb.y\u00fczeysel lekelerini gidermeye yard\u0131mc\u0131 olur.Di\u015flerinizde ideal bir beyazl\u0131k ve parlakl\u0131k sa\u011flar.Di\u015flere zarar vermeden,i\u00e7erdi\u011fi aromas\u0131 ile a\u011f\u0131zda uzun s\u00fcreli ho\u015f bir koku ve ferahl\u0131k b\u0131rak\u0131r.<\/p>\n","protected":false},"featured_media":0,"template":"","meta":[],"product_cat":[146],"product_tag":[],"yoast_head":"<!-- This site is optimized with the Yoast SEO plugin v24.5 - https:\/\/yoast.com\/wordpress\/plugins\/seo\/ -->\n<title>Fe Di\u015f Pastasi Naneli \/ Smokers 90 Gr | Atasgroup<\/title>\n<meta name=\"robots\" content=\"index, follow, max-snippet:-1, max-image-preview:large, max-video-preview:-1\" \/>\n<link rel=\"canonical\" href=\"https:\/\/www.atasgroup.com\/es\/urun\/fe-dis-pastasi-naneli-smokers-90-gr\/\" \/>\n<meta property=\"og:locale\" content=\"es_ES\" \/>\n<meta property=\"og:type\" content=\"article\" \/>\n<meta property=\"og:title\" content=\"Fe Di\u015f Pastasi Naneli \/ Smokers 90 Gr | Atasgroup\" \/>\n<meta property=\"og:description\" content=\"Tartar,plak ve di\u015f \u00e7\u00fcr\u00fcmeleri olu\u015fumunu \u00f6nlemeye,sigara,\u00e7ay,kahve vb.y\u00fczeysel lekelerini gidermeye yard\u0131mc\u0131 olur.Di\u015flerinizde ideal bir beyazl\u0131k ve parlakl\u0131k sa\u011flar.Di\u015flere zarar vermeden,i\u00e7erdi\u011fi aromas\u0131 ile a\u011f\u0131zda uzun s\u00fcreli ho\u015f bir koku ve ferahl\u0131k b\u0131rak\u0131r.\" \/>\n<meta property=\"og:url\" content=\"https:\/\/www.atasgroup.com\/es\/urun\/fe-dis-pastasi-naneli-smokers-90-gr\/\" \/>\n<meta property=\"og:site_name\" content=\"Atasgroup\" \/>\n<meta property=\"article:modified_time\" content=\"2021-05-24T20:25:44+00:00\" \/>\n<meta name=\"twitter:card\" content=\"summary_large_image\" \/>\n<script type=\"application\/ld+json\" class=\"yoast-schema-graph\">{\"@context\":\"https:\/\/schema.org\",\"@graph\":[{\"@type\":\"WebPage\",\"@id\":\"https:\/\/www.atasgroup.com\/es\/urun\/fe-dis-pastasi-naneli-smokers-90-gr\/\",\"url\":\"https:\/\/www.atasgroup.com\/es\/urun\/fe-dis-pastasi-naneli-smokers-90-gr\/\",\"name\":\"Fe Di\u015f Pastasi Naneli \/ Smokers 90 Gr | Atasgroup\",\"isPartOf\":{\"@id\":\"https:\/\/www.atasgroup.com\/es\/#website\"},\"datePublished\":\"2021-01-16T18:06:10+00:00\",\"dateModified\":\"2021-05-24T20:25:44+00:00\",\"breadcrumb\":{\"@id\":\"https:\/\/www.atasgroup.com\/es\/urun\/fe-dis-pastasi-naneli-smokers-90-gr\/#breadcrumb\"},\"inLanguage\":\"es\",\"potentialAction\":[{\"@type\":\"ReadAction\",\"target\":[\"https:\/\/www.atasgroup.com\/es\/urun\/fe-dis-pastasi-naneli-smokers-90-gr\/\"]}]},{\"@type\":\"BreadcrumbList\",\"@id\":\"https:\/\/www.atasgroup.com\/es\/urun\/fe-dis-pastasi-naneli-smokers-90-gr\/#breadcrumb\",\"itemListElement\":[{\"@type\":\"ListItem\",\"position\":1,\"name\":\"Anasayfa\",\"item\":\"https:\/\/www.atasgroup.com\/es\/\"},{\"@type\":\"ListItem\",\"position\":2,\"name\":\"Ma\u011faza\",\"item\":\"https:\/\/www.atasgroup.com\/magaza\/\"},{\"@type\":\"ListItem\",\"position\":3,\"name\":\"Fe Di\u015f Pastasi Naneli \/ Smokers 90 Gr\"}]},{\"@type\":\"WebSite\",\"@id\":\"https:\/\/www.atasgroup.com\/es\/#website\",\"url\":\"https:\/\/www.atasgroup.com\/es\/\",\"name\":\"Atasgroup\",\"description\":\"Atas Group\",\"publisher\":{\"@id\":\"https:\/\/www.atasgroup.com\/es\/#organization\"},\"potentialAction\":[{\"@type\":\"SearchAction\",\"target\":{\"@type\":\"EntryPoint\",\"urlTemplate\":\"https:\/\/www.atasgroup.com\/es\/?s={search_term_string}\"},\"query-input\":{\"@type\":\"PropertyValueSpecification\",\"valueRequired\":true,\"valueName\":\"search_term_string\"}}],\"inLanguage\":\"es\"},{\"@type\":\"Organization\",\"@id\":\"https:\/\/www.atasgroup.com\/es\/#organization\",\"name\":\"Ata\u015f Group\",\"url\":\"https:\/\/www.atasgroup.com\/es\/\",\"logo\":{\"@type\":\"ImageObject\",\"inLanguage\":\"es\",\"@id\":\"https:\/\/www.atasgroup.com\/es\/#\/schema\/logo\/image\/\",\"url\":\"https:\/\/www.atasgroup.com\/wp-content\/uploads\/2021\/01\/logo.png\",\"contentUrl\":\"https:\/\/www.atasgroup.com\/wp-content\/uploads\/2021\/01\/logo.png\",\"width\":300,\"height\":72,\"caption\":\"Ata\u015f Group\"},\"image\":{\"@id\":\"https:\/\/www.atasgroup.com\/es\/#\/schema\/logo\/image\/\"}}]}<\/script>\n<!-- \/ Yoast SEO plugin. -->","yoast_head_json":{"title":"Fe Di\u015f Pastasi Naneli \/ Smokers 90 Gr | Atasgroup","robots":{"index":"index","follow":"follow","max-snippet":"max-snippet:-1","max-image-preview":"max-image-preview:large","max-video-preview":"max-video-preview:-1"},"canonical":"https:\/\/www.atasgroup.com\/es\/urun\/fe-dis-pastasi-naneli-smokers-90-gr\/","og_locale":"es_ES","og_type":"article","og_title":"Fe Di\u015f Pastasi Naneli \/ Smokers 90 Gr | Atasgroup","og_description":"Tartar,plak ve di\u015f \u00e7\u00fcr\u00fcmeleri olu\u015fumunu \u00f6nlemeye,sigara,\u00e7ay,kahve vb.y\u00fczeysel lekelerini gidermeye yard\u0131mc\u0131 olur.Di\u015flerinizde ideal bir beyazl\u0131k ve parlakl\u0131k sa\u011flar.Di\u015flere zarar vermeden,i\u00e7erdi\u011fi aromas\u0131 ile a\u011f\u0131zda uzun s\u00fcreli ho\u015f bir koku ve ferahl\u0131k b\u0131rak\u0131r.","og_url":"https:\/\/www.atasgroup.com\/es\/urun\/fe-dis-pastasi-naneli-smokers-90-gr\/","og_site_name":"Atasgroup","article_modified_time":"2021-05-24T20:25:44+00:00","twitter_card":"summary_large_image","schema":{"@context":"https:\/\/schema.org","@graph":[{"@type":"WebPage","@id":"https:\/\/www.atasgroup.com\/es\/urun\/fe-dis-pastasi-naneli-smokers-90-gr\/","url":"https:\/\/www.atasgroup.com\/es\/urun\/fe-dis-pastasi-naneli-smokers-90-gr\/","name":"Fe Di\u015f Pastasi Naneli \/ Smokers 90 Gr | Atasgroup","isPartOf":{"@id":"https:\/\/www.atasgroup.com\/es\/#website"},"datePublished":"2021-01-16T18:06:10+00:00","dateModified":"2021-05-24T20:25:44+00:00","breadcrumb":{"@id":"https:\/\/www.atasgroup.com\/es\/urun\/fe-dis-pastasi-naneli-smokers-90-gr\/#breadcrumb"},"inLanguage":"es","potentialAction":[{"@type":"ReadAction","target":["https:\/\/www.atasgroup.com\/es\/urun\/fe-dis-pastasi-naneli-smokers-90-gr\/"]}]},{"@type":"BreadcrumbList","@id":"https:\/\/www.atasgroup.com\/es\/urun\/fe-dis-pastasi-naneli-smokers-90-gr\/#breadcrumb","itemListElement":[{"@type":"ListItem","position":1,"name":"Anasayfa","item":"https:\/\/www.atasgroup.com\/es\/"},{"@type":"ListItem","position":2,"name":"Ma\u011faza","item":"https:\/\/www.atasgroup.com\/magaza\/"},{"@type":"ListItem","position":3,"name":"Fe Di\u015f Pastasi Naneli \/ Smokers 90 Gr"}]},{"@type":"WebSite","@id":"https:\/\/www.atasgroup.com\/es\/#website","url":"https:\/\/www.atasgroup.com\/es\/","name":"Atasgroup","description":"Atas Group","publisher":{"@id":"https:\/\/www.atasgroup.com\/es\/#organization"},"potentialAction":[{"@type":"SearchAction","target":{"@type":"EntryPoint","urlTemplate":"https:\/\/www.atasgroup.com\/es\/?s={search_term_string}"},"query-input":{"@type":"PropertyValueSpecification","valueRequired":true,"valueName":"search_term_string"}}],"inLanguage":"es"},{"@type":"Organization","@id":"https:\/\/www.atasgroup.com\/es\/#organization","name":"Ata\u015f Group","url":"https:\/\/www.atasgroup.com\/es\/","logo":{"@type":"ImageObject","inLanguage":"es","@id":"https:\/\/www.atasgroup.com\/es\/#\/schema\/logo\/image\/","url":"https:\/\/www.atasgroup.com\/wp-content\/uploads\/2021\/01\/logo.png","contentUrl":"https:\/\/www.atasgroup.com\/wp-content\/uploads\/2021\/01\/logo.png","width":300,"height":72,"caption":"Ata\u015f Group"},"image":{"@id":"https:\/\/www.atasgroup.com\/es\/#\/schema\/logo\/image\/"}}]}},"_links":{"self":[{"href":"https:\/\/www.atasgroup.com\/es\/wp-json\/wp\/v2\/product\/7118"}],"collection":[{"href":"https:\/\/www.atasgroup.com\/es\/wp-json\/wp\/v2\/product"}],"about":[{"href":"https:\/\/www.atasgroup.com\/es\/wp-json\/wp\/v2\/types\/product"}],"wp:attachment":[{"href":"https:\/\/www.atasgroup.com\/es\/wp-json\/wp\/v2\/media?parent=7118"}],"wp:term":[{"taxonomy":"product_cat","embeddable":true,"href":"https:\/\/www.atasgroup.com\/es\/wp-json\/wp\/v2\/product_cat?post=7118"},{"taxonomy":"product_tag","embeddable":true,"href":"https:\/\/www.atasgroup.com\/es\/wp-json\/wp\/v2\/product_tag?post=7118"}],"curies":[{"name":"wp","href":"https:\/\/api.w.org\/{rel}","templated":true}]}}