{"id":7123,"date":"2021-01-16T18:06:12","date_gmt":"2021-01-16T18:06:12","guid":{"rendered":"http:\/\/www.atasgroup.com\/?product=fe-makyaj-pamugu-70lik-disk"},"modified":"2021-05-01T16:54:09","modified_gmt":"2021-05-01T16:54:09","slug":"fe-makyaj-pamugu-70lik-disk","status":"publish","type":"product","link":"https:\/\/www.atasgroup.com\/es\/urun\/fe-makyaj-pamugu-70lik-disk\/","title":{"rendered":"Fe Makyaj Pamugu ( 70&#8217;lik Di\u015fk )"},"content":{"rendered":"<p>Fe disk pamuklar\u0131 makyaj temizli\u011finde kullan\u0131lmak \u00fczere yumu\u015fak ve emici \u00f6zellikle saf pamuktan \u00fcretilmi\u015ftir.T\u0131rnaklardan ojenin \u00e7\u0131kar\u0131lmas\u0131 ve cilt temizli\u011finden sonra tonik uygulamas\u0131nda da kullan\u0131l\u0131r.<\/p>\n","protected":false},"excerpt":{"rendered":"<p>Fe disk pamuklar\u0131 makyaj temizli\u011finde kullan\u0131lmak \u00fczere yumu\u015fak ve emici \u00f6zellikle saf pamuktan \u00fcretilmi\u015ftir.T\u0131rnaklardan ojenin \u00e7\u0131kar\u0131lmas\u0131 ve cilt temizli\u011finden sonra tonik uygulamas\u0131nda da kullan\u0131l\u0131r.<\/p>\n","protected":false},"featured_media":7894,"template":"","meta":[],"product_cat":[147],"product_tag":[],"yoast_head":"<!-- This site is optimized with the Yoast SEO plugin v24.5 - https:\/\/yoast.com\/wordpress\/plugins\/seo\/ -->\n<title>Fe Makyaj Pamugu ( 70&#039;lik Di\u015fk ) | Atasgroup<\/title>\n<meta name=\"robots\" content=\"index, follow, max-snippet:-1, max-image-preview:large, max-video-preview:-1\" \/>\n<link rel=\"canonical\" href=\"https:\/\/www.atasgroup.com\/es\/urun\/fe-makyaj-pamugu-70lik-disk\/\" \/>\n<meta property=\"og:locale\" content=\"es_ES\" \/>\n<meta property=\"og:type\" content=\"article\" \/>\n<meta property=\"og:title\" content=\"Fe Makyaj Pamugu ( 70&#039;lik Di\u015fk ) | Atasgroup\" \/>\n<meta property=\"og:description\" content=\"Fe disk pamuklar\u0131 makyaj temizli\u011finde kullan\u0131lmak \u00fczere yumu\u015fak ve emici \u00f6zellikle saf pamuktan \u00fcretilmi\u015ftir.T\u0131rnaklardan ojenin \u00e7\u0131kar\u0131lmas\u0131 ve cilt temizli\u011finden sonra tonik uygulamas\u0131nda da kullan\u0131l\u0131r.\" \/>\n<meta property=\"og:url\" content=\"https:\/\/www.atasgroup.com\/es\/urun\/fe-makyaj-pamugu-70lik-disk\/\" \/>\n<meta property=\"og:site_name\" content=\"Atasgroup\" \/>\n<meta property=\"article:modified_time\" content=\"2021-05-01T16:54:09+00:00\" \/>\n<meta property=\"og:image\" content=\"https:\/\/www.atasgroup.com\/wp-content\/uploads\/2021\/04\/DSC_2179.jpg\" \/>\n\t<meta property=\"og:image:width\" content=\"1500\" \/>\n\t<meta property=\"og:image:height\" content=\"1500\" \/>\n\t<meta property=\"og:image:type\" content=\"image\/jpeg\" \/>\n<meta name=\"twitter:card\" content=\"summary_large_image\" \/>\n<script type=\"application\/ld+json\" class=\"yoast-schema-graph\">{\"@context\":\"https:\/\/schema.org\",\"@graph\":[{\"@type\":\"WebPage\",\"@id\":\"https:\/\/www.atasgroup.com\/es\/urun\/fe-makyaj-pamugu-70lik-disk\/\",\"url\":\"https:\/\/www.atasgroup.com\/es\/urun\/fe-makyaj-pamugu-70lik-disk\/\",\"name\":\"Fe Makyaj Pamugu ( 70'lik Di\u015fk ) | Atasgroup\",\"isPartOf\":{\"@id\":\"https:\/\/www.atasgroup.com\/es\/#website\"},\"primaryImageOfPage\":{\"@id\":\"https:\/\/www.atasgroup.com\/es\/urun\/fe-makyaj-pamugu-70lik-disk\/#primaryimage\"},\"image\":{\"@id\":\"https:\/\/www.atasgroup.com\/es\/urun\/fe-makyaj-pamugu-70lik-disk\/#primaryimage\"},\"thumbnailUrl\":\"https:\/\/www.atasgroup.com\/wp-content\/uploads\/2021\/04\/DSC_2179.jpg\",\"datePublished\":\"2021-01-16T18:06:12+00:00\",\"dateModified\":\"2021-05-01T16:54:09+00:00\",\"breadcrumb\":{\"@id\":\"https:\/\/www.atasgroup.com\/es\/urun\/fe-makyaj-pamugu-70lik-disk\/#breadcrumb\"},\"inLanguage\":\"es\",\"potentialAction\":[{\"@type\":\"ReadAction\",\"target\":[\"https:\/\/www.atasgroup.com\/es\/urun\/fe-makyaj-pamugu-70lik-disk\/\"]}]},{\"@type\":\"ImageObject\",\"inLanguage\":\"es\",\"@id\":\"https:\/\/www.atasgroup.com\/es\/urun\/fe-makyaj-pamugu-70lik-disk\/#primaryimage\",\"url\":\"https:\/\/www.atasgroup.com\/wp-content\/uploads\/2021\/04\/DSC_2179.jpg\",\"contentUrl\":\"https:\/\/www.atasgroup.com\/wp-content\/uploads\/2021\/04\/DSC_2179.jpg\",\"width\":1500,\"height\":1500},{\"@type\":\"BreadcrumbList\",\"@id\":\"https:\/\/www.atasgroup.com\/es\/urun\/fe-makyaj-pamugu-70lik-disk\/#breadcrumb\",\"itemListElement\":[{\"@type\":\"ListItem\",\"position\":1,\"name\":\"Anasayfa\",\"item\":\"https:\/\/www.atasgroup.com\/es\/\"},{\"@type\":\"ListItem\",\"position\":2,\"name\":\"Ma\u011faza\",\"item\":\"https:\/\/www.atasgroup.com\/magaza\/\"},{\"@type\":\"ListItem\",\"position\":3,\"name\":\"Fe Makyaj Pamugu ( 70&#8217;lik Di\u015fk )\"}]},{\"@type\":\"WebSite\",\"@id\":\"https:\/\/www.atasgroup.com\/es\/#website\",\"url\":\"https:\/\/www.atasgroup.com\/es\/\",\"name\":\"Atasgroup\",\"description\":\"Atas Group\",\"publisher\":{\"@id\":\"https:\/\/www.atasgroup.com\/es\/#organization\"},\"potentialAction\":[{\"@type\":\"SearchAction\",\"target\":{\"@type\":\"EntryPoint\",\"urlTemplate\":\"https:\/\/www.atasgroup.com\/es\/?s={search_term_string}\"},\"query-input\":{\"@type\":\"PropertyValueSpecification\",\"valueRequired\":true,\"valueName\":\"search_term_string\"}}],\"inLanguage\":\"es\"},{\"@type\":\"Organization\",\"@id\":\"https:\/\/www.atasgroup.com\/es\/#organization\",\"name\":\"Ata\u015f Group\",\"url\":\"https:\/\/www.atasgroup.com\/es\/\",\"logo\":{\"@type\":\"ImageObject\",\"inLanguage\":\"es\",\"@id\":\"https:\/\/www.atasgroup.com\/es\/#\/schema\/logo\/image\/\",\"url\":\"https:\/\/www.atasgroup.com\/wp-content\/uploads\/2021\/01\/logo.png\",\"contentUrl\":\"https:\/\/www.atasgroup.com\/wp-content\/uploads\/2021\/01\/logo.png\",\"width\":300,\"height\":72,\"caption\":\"Ata\u015f Group\"},\"image\":{\"@id\":\"https:\/\/www.atasgroup.com\/es\/#\/schema\/logo\/image\/\"}}]}<\/script>\n<!-- \/ Yoast SEO plugin. -->","yoast_head_json":{"title":"Fe Makyaj Pamugu ( 70'lik Di\u015fk ) | Atasgroup","robots":{"index":"index","follow":"follow","max-snippet":"max-snippet:-1","max-image-preview":"max-image-preview:large","max-video-preview":"max-video-preview:-1"},"canonical":"https:\/\/www.atasgroup.com\/es\/urun\/fe-makyaj-pamugu-70lik-disk\/","og_locale":"es_ES","og_type":"article","og_title":"Fe Makyaj Pamugu ( 70'lik Di\u015fk ) | Atasgroup","og_description":"Fe disk pamuklar\u0131 makyaj temizli\u011finde kullan\u0131lmak \u00fczere yumu\u015fak ve emici \u00f6zellikle saf pamuktan \u00fcretilmi\u015ftir.T\u0131rnaklardan ojenin \u00e7\u0131kar\u0131lmas\u0131 ve cilt temizli\u011finden sonra tonik uygulamas\u0131nda da kullan\u0131l\u0131r.","og_url":"https:\/\/www.atasgroup.com\/es\/urun\/fe-makyaj-pamugu-70lik-disk\/","og_site_name":"Atasgroup","article_modified_time":"2021-05-01T16:54:09+00:00","og_image":[{"width":1500,"height":1500,"url":"https:\/\/www.atasgroup.com\/wp-content\/uploads\/2021\/04\/DSC_2179.jpg","type":"image\/jpeg"}],"twitter_card":"summary_large_image","schema":{"@context":"https:\/\/schema.org","@graph":[{"@type":"WebPage","@id":"https:\/\/www.atasgroup.com\/es\/urun\/fe-makyaj-pamugu-70lik-disk\/","url":"https:\/\/www.atasgroup.com\/es\/urun\/fe-makyaj-pamugu-70lik-disk\/","name":"Fe Makyaj Pamugu ( 70'lik Di\u015fk ) | Atasgroup","isPartOf":{"@id":"https:\/\/www.atasgroup.com\/es\/#website"},"primaryImageOfPage":{"@id":"https:\/\/www.atasgroup.com\/es\/urun\/fe-makyaj-pamugu-70lik-disk\/#primaryimage"},"image":{"@id":"https:\/\/www.atasgroup.com\/es\/urun\/fe-makyaj-pamugu-70lik-disk\/#primaryimage"},"thumbnailUrl":"https:\/\/www.atasgroup.com\/wp-content\/uploads\/2021\/04\/DSC_2179.jpg","datePublished":"2021-01-16T18:06:12+00:00","dateModified":"2021-05-01T16:54:09+00:00","breadcrumb":{"@id":"https:\/\/www.atasgroup.com\/es\/urun\/fe-makyaj-pamugu-70lik-disk\/#breadcrumb"},"inLanguage":"es","potentialAction":[{"@type":"ReadAction","target":["https:\/\/www.atasgroup.com\/es\/urun\/fe-makyaj-pamugu-70lik-disk\/"]}]},{"@type":"ImageObject","inLanguage":"es","@id":"https:\/\/www.atasgroup.com\/es\/urun\/fe-makyaj-pamugu-70lik-disk\/#primaryimage","url":"https:\/\/www.atasgroup.com\/wp-content\/uploads\/2021\/04\/DSC_2179.jpg","contentUrl":"https:\/\/www.atasgroup.com\/wp-content\/uploads\/2021\/04\/DSC_2179.jpg","width":1500,"height":1500},{"@type":"BreadcrumbList","@id":"https:\/\/www.atasgroup.com\/es\/urun\/fe-makyaj-pamugu-70lik-disk\/#breadcrumb","itemListElement":[{"@type":"ListItem","position":1,"name":"Anasayfa","item":"https:\/\/www.atasgroup.com\/es\/"},{"@type":"ListItem","position":2,"name":"Ma\u011faza","item":"https:\/\/www.atasgroup.com\/magaza\/"},{"@type":"ListItem","position":3,"name":"Fe Makyaj Pamugu ( 70&#8217;lik Di\u015fk )"}]},{"@type":"WebSite","@id":"https:\/\/www.atasgroup.com\/es\/#website","url":"https:\/\/www.atasgroup.com\/es\/","name":"Atasgroup","description":"Atas Group","publisher":{"@id":"https:\/\/www.atasgroup.com\/es\/#organization"},"potentialAction":[{"@type":"SearchAction","target":{"@type":"EntryPoint","urlTemplate":"https:\/\/www.atasgroup.com\/es\/?s={search_term_string}"},"query-input":{"@type":"PropertyValueSpecification","valueRequired":true,"valueName":"search_term_string"}}],"inLanguage":"es"},{"@type":"Organization","@id":"https:\/\/www.atasgroup.com\/es\/#organization","name":"Ata\u015f Group","url":"https:\/\/www.atasgroup.com\/es\/","logo":{"@type":"ImageObject","inLanguage":"es","@id":"https:\/\/www.atasgroup.com\/es\/#\/schema\/logo\/image\/","url":"https:\/\/www.atasgroup.com\/wp-content\/uploads\/2021\/01\/logo.png","contentUrl":"https:\/\/www.atasgroup.com\/wp-content\/uploads\/2021\/01\/logo.png","width":300,"height":72,"caption":"Ata\u015f Group"},"image":{"@id":"https:\/\/www.atasgroup.com\/es\/#\/schema\/logo\/image\/"}}]}},"_links":{"self":[{"href":"https:\/\/www.atasgroup.com\/es\/wp-json\/wp\/v2\/product\/7123"}],"collection":[{"href":"https:\/\/www.atasgroup.com\/es\/wp-json\/wp\/v2\/product"}],"about":[{"href":"https:\/\/www.atasgroup.com\/es\/wp-json\/wp\/v2\/types\/product"}],"wp:featuredmedia":[{"embeddable":true,"href":"https:\/\/www.atasgroup.com\/es\/wp-json\/wp\/v2\/media\/7894"}],"wp:attachment":[{"href":"https:\/\/www.atasgroup.com\/es\/wp-json\/wp\/v2\/media?parent=7123"}],"wp:term":[{"taxonomy":"product_cat","embeddable":true,"href":"https:\/\/www.atasgroup.com\/es\/wp-json\/wp\/v2\/product_cat?post=7123"},{"taxonomy":"product_tag","embeddable":true,"href":"https:\/\/www.atasgroup.com\/es\/wp-json\/wp\/v2\/product_tag?post=7123"}],"curies":[{"name":"wp","href":"https:\/\/api.w.org\/{rel}","templated":true}]}}