{"id":7136,"date":"2021-01-16T18:06:14","date_gmt":"2021-01-16T18:06:14","guid":{"rendered":"http:\/\/www.atasgroup.com\/?product=fe-cimbiz-profesyonel-yan-uclu"},"modified":"2021-05-01T15:18:29","modified_gmt":"2021-05-01T15:18:29","slug":"fe-cimbiz-profesyonel-yan-uclu","status":"publish","type":"product","link":"https:\/\/www.atasgroup.com\/es\/urun\/fe-cimbiz-profesyonel-yan-uclu\/","title":{"rendered":"Fe C\u0131mb\u0131z Profesyonel  \/ Yan U\u00e7lu"},"content":{"rendered":"<p><span data-sheets-value=\"{&quot;1&quot;:2,&quot;2&quot;:&quot;Profesyonel veya bireysel kullan\u0131mlara uygun bir modeldir. \u0130yi kapanan u\u00e7 yap\u0131s\u0131 ile k\u0131l\u0131 \u00e7ok rahat tutar ve kesmeden k\u00f6k\u00fcnden al\u0131r.&quot;}\" data-sheets-userformat=\"{&quot;2&quot;:15145,&quot;3&quot;:{&quot;1&quot;:0},&quot;6&quot;:{&quot;1&quot;:[{&quot;1&quot;:2,&quot;2&quot;:0,&quot;5&quot;:{&quot;1&quot;:2,&quot;2&quot;:0}},{&quot;1&quot;:0,&quot;2&quot;:0,&quot;3&quot;:3},{&quot;1&quot;:1,&quot;2&quot;:0,&quot;4&quot;:1}]},&quot;8&quot;:{&quot;1&quot;:[{&quot;1&quot;:2,&quot;2&quot;:0,&quot;5&quot;:{&quot;1&quot;:2,&quot;2&quot;:0}},{&quot;1&quot;:0,&quot;2&quot;:0,&quot;3&quot;:3},{&quot;1&quot;:1,&quot;2&quot;:0,&quot;4&quot;:1}]},&quot;11&quot;:0,&quot;12&quot;:0,&quot;14&quot;:{&quot;1&quot;:2,&quot;2&quot;:0},&quot;15&quot;:&quot;Calibri, sans-serif&quot;,&quot;16&quot;:11}\">Profesyonel veya bireysel kullan\u0131mlara uygun bir modeldir. \u0130yi kapanan u\u00e7 yap\u0131s\u0131 ile k\u0131l\u0131 \u00e7ok rahat tutar ve kesmeden k\u00f6k\u00fcnden al\u0131r.<\/span><\/p>\n","protected":false},"excerpt":{"rendered":"<p>Profesyonel veya bireysel kullan\u0131mlara uygun bir modeldir. \u0130yi kapanan u\u00e7 yap\u0131s\u0131 ile k\u0131l\u0131 \u00e7ok rahat tutar ve kesmeden k\u00f6k\u00fcnden al\u0131r.<\/p>\n","protected":false},"featured_media":6595,"template":"","meta":[],"product_cat":[149],"product_tag":[],"yoast_head":"<!-- This site is optimized with the Yoast SEO plugin v24.5 - https:\/\/yoast.com\/wordpress\/plugins\/seo\/ -->\n<title>Fe C\u0131mb\u0131z Profesyonel \/ Yan U\u00e7lu | Atasgroup<\/title>\n<meta name=\"robots\" content=\"index, follow, max-snippet:-1, max-image-preview:large, max-video-preview:-1\" \/>\n<link rel=\"canonical\" href=\"https:\/\/www.atasgroup.com\/es\/urun\/fe-cimbiz-profesyonel-yan-uclu\/\" \/>\n<meta property=\"og:locale\" content=\"es_ES\" \/>\n<meta property=\"og:type\" content=\"article\" \/>\n<meta property=\"og:title\" content=\"Fe C\u0131mb\u0131z Profesyonel \/ Yan U\u00e7lu | Atasgroup\" \/>\n<meta property=\"og:description\" content=\"Profesyonel veya bireysel kullan\u0131mlara uygun bir modeldir. \u0130yi kapanan u\u00e7 yap\u0131s\u0131 ile k\u0131l\u0131 \u00e7ok rahat tutar ve kesmeden k\u00f6k\u00fcnden al\u0131r.\" \/>\n<meta property=\"og:url\" content=\"https:\/\/www.atasgroup.com\/es\/urun\/fe-cimbiz-profesyonel-yan-uclu\/\" \/>\n<meta property=\"og:site_name\" content=\"Atasgroup\" \/>\n<meta property=\"article:modified_time\" content=\"2021-05-01T15:18:29+00:00\" \/>\n<meta property=\"og:image\" content=\"https:\/\/www.atasgroup.com\/wp-content\/uploads\/2021\/01\/FEPI033-B-Cimbiz-Profesyonel-Yan-Uc\u0327lu-Kutulu-2.jpg\" \/>\n\t<meta property=\"og:image:width\" content=\"2500\" \/>\n\t<meta property=\"og:image:height\" content=\"2500\" \/>\n\t<meta property=\"og:image:type\" content=\"image\/jpeg\" \/>\n<meta name=\"twitter:card\" content=\"summary_large_image\" \/>\n<meta name=\"twitter:label1\" content=\"Tiempo de lectura\" \/>\n\t<meta name=\"twitter:data1\" content=\"1 minuto\" \/>\n<script type=\"application\/ld+json\" class=\"yoast-schema-graph\">{\"@context\":\"https:\/\/schema.org\",\"@graph\":[{\"@type\":\"WebPage\",\"@id\":\"https:\/\/www.atasgroup.com\/es\/urun\/fe-cimbiz-profesyonel-yan-uclu\/\",\"url\":\"https:\/\/www.atasgroup.com\/es\/urun\/fe-cimbiz-profesyonel-yan-uclu\/\",\"name\":\"Fe C\u0131mb\u0131z Profesyonel \/ Yan U\u00e7lu | Atasgroup\",\"isPartOf\":{\"@id\":\"https:\/\/www.atasgroup.com\/es\/#website\"},\"primaryImageOfPage\":{\"@id\":\"https:\/\/www.atasgroup.com\/es\/urun\/fe-cimbiz-profesyonel-yan-uclu\/#primaryimage\"},\"image\":{\"@id\":\"https:\/\/www.atasgroup.com\/es\/urun\/fe-cimbiz-profesyonel-yan-uclu\/#primaryimage\"},\"thumbnailUrl\":\"https:\/\/www.atasgroup.com\/wp-content\/uploads\/2021\/01\/FEPI033-B-Cimbiz-Profesyonel-Yan-Uc\u0327lu-Kutulu-2.jpg\",\"datePublished\":\"2021-01-16T18:06:14+00:00\",\"dateModified\":\"2021-05-01T15:18:29+00:00\",\"breadcrumb\":{\"@id\":\"https:\/\/www.atasgroup.com\/es\/urun\/fe-cimbiz-profesyonel-yan-uclu\/#breadcrumb\"},\"inLanguage\":\"es\",\"potentialAction\":[{\"@type\":\"ReadAction\",\"target\":[\"https:\/\/www.atasgroup.com\/es\/urun\/fe-cimbiz-profesyonel-yan-uclu\/\"]}]},{\"@type\":\"ImageObject\",\"inLanguage\":\"es\",\"@id\":\"https:\/\/www.atasgroup.com\/es\/urun\/fe-cimbiz-profesyonel-yan-uclu\/#primaryimage\",\"url\":\"https:\/\/www.atasgroup.com\/wp-content\/uploads\/2021\/01\/FEPI033-B-Cimbiz-Profesyonel-Yan-Uc\u0327lu-Kutulu-2.jpg\",\"contentUrl\":\"https:\/\/www.atasgroup.com\/wp-content\/uploads\/2021\/01\/FEPI033-B-Cimbiz-Profesyonel-Yan-Uc\u0327lu-Kutulu-2.jpg\",\"width\":2500,\"height\":2500},{\"@type\":\"BreadcrumbList\",\"@id\":\"https:\/\/www.atasgroup.com\/es\/urun\/fe-cimbiz-profesyonel-yan-uclu\/#breadcrumb\",\"itemListElement\":[{\"@type\":\"ListItem\",\"position\":1,\"name\":\"Anasayfa\",\"item\":\"https:\/\/www.atasgroup.com\/es\/\"},{\"@type\":\"ListItem\",\"position\":2,\"name\":\"Ma\u011faza\",\"item\":\"https:\/\/www.atasgroup.com\/magaza\/\"},{\"@type\":\"ListItem\",\"position\":3,\"name\":\"Fe C\u0131mb\u0131z Profesyonel \/ Yan U\u00e7lu\"}]},{\"@type\":\"WebSite\",\"@id\":\"https:\/\/www.atasgroup.com\/es\/#website\",\"url\":\"https:\/\/www.atasgroup.com\/es\/\",\"name\":\"Atasgroup\",\"description\":\"Atas Group\",\"publisher\":{\"@id\":\"https:\/\/www.atasgroup.com\/es\/#organization\"},\"potentialAction\":[{\"@type\":\"SearchAction\",\"target\":{\"@type\":\"EntryPoint\",\"urlTemplate\":\"https:\/\/www.atasgroup.com\/es\/?s={search_term_string}\"},\"query-input\":{\"@type\":\"PropertyValueSpecification\",\"valueRequired\":true,\"valueName\":\"search_term_string\"}}],\"inLanguage\":\"es\"},{\"@type\":\"Organization\",\"@id\":\"https:\/\/www.atasgroup.com\/es\/#organization\",\"name\":\"Ata\u015f Group\",\"url\":\"https:\/\/www.atasgroup.com\/es\/\",\"logo\":{\"@type\":\"ImageObject\",\"inLanguage\":\"es\",\"@id\":\"https:\/\/www.atasgroup.com\/es\/#\/schema\/logo\/image\/\",\"url\":\"https:\/\/www.atasgroup.com\/wp-content\/uploads\/2021\/01\/logo.png\",\"contentUrl\":\"https:\/\/www.atasgroup.com\/wp-content\/uploads\/2021\/01\/logo.png\",\"width\":300,\"height\":72,\"caption\":\"Ata\u015f Group\"},\"image\":{\"@id\":\"https:\/\/www.atasgroup.com\/es\/#\/schema\/logo\/image\/\"}}]}<\/script>\n<!-- \/ Yoast SEO plugin. -->","yoast_head_json":{"title":"Fe C\u0131mb\u0131z Profesyonel \/ Yan U\u00e7lu | Atasgroup","robots":{"index":"index","follow":"follow","max-snippet":"max-snippet:-1","max-image-preview":"max-image-preview:large","max-video-preview":"max-video-preview:-1"},"canonical":"https:\/\/www.atasgroup.com\/es\/urun\/fe-cimbiz-profesyonel-yan-uclu\/","og_locale":"es_ES","og_type":"article","og_title":"Fe C\u0131mb\u0131z Profesyonel \/ Yan U\u00e7lu | Atasgroup","og_description":"Profesyonel veya bireysel kullan\u0131mlara uygun bir modeldir. \u0130yi kapanan u\u00e7 yap\u0131s\u0131 ile k\u0131l\u0131 \u00e7ok rahat tutar ve kesmeden k\u00f6k\u00fcnden al\u0131r.","og_url":"https:\/\/www.atasgroup.com\/es\/urun\/fe-cimbiz-profesyonel-yan-uclu\/","og_site_name":"Atasgroup","article_modified_time":"2021-05-01T15:18:29+00:00","og_image":[{"width":2500,"height":2500,"url":"https:\/\/www.atasgroup.com\/wp-content\/uploads\/2021\/01\/FEPI033-B-Cimbiz-Profesyonel-Yan-Uc\u0327lu-Kutulu-2.jpg","type":"image\/jpeg"}],"twitter_card":"summary_large_image","twitter_misc":{"Tiempo de lectura":"1 minuto"},"schema":{"@context":"https:\/\/schema.org","@graph":[{"@type":"WebPage","@id":"https:\/\/www.atasgroup.com\/es\/urun\/fe-cimbiz-profesyonel-yan-uclu\/","url":"https:\/\/www.atasgroup.com\/es\/urun\/fe-cimbiz-profesyonel-yan-uclu\/","name":"Fe C\u0131mb\u0131z Profesyonel \/ Yan U\u00e7lu | Atasgroup","isPartOf":{"@id":"https:\/\/www.atasgroup.com\/es\/#website"},"primaryImageOfPage":{"@id":"https:\/\/www.atasgroup.com\/es\/urun\/fe-cimbiz-profesyonel-yan-uclu\/#primaryimage"},"image":{"@id":"https:\/\/www.atasgroup.com\/es\/urun\/fe-cimbiz-profesyonel-yan-uclu\/#primaryimage"},"thumbnailUrl":"https:\/\/www.atasgroup.com\/wp-content\/uploads\/2021\/01\/FEPI033-B-Cimbiz-Profesyonel-Yan-Uc\u0327lu-Kutulu-2.jpg","datePublished":"2021-01-16T18:06:14+00:00","dateModified":"2021-05-01T15:18:29+00:00","breadcrumb":{"@id":"https:\/\/www.atasgroup.com\/es\/urun\/fe-cimbiz-profesyonel-yan-uclu\/#breadcrumb"},"inLanguage":"es","potentialAction":[{"@type":"ReadAction","target":["https:\/\/www.atasgroup.com\/es\/urun\/fe-cimbiz-profesyonel-yan-uclu\/"]}]},{"@type":"ImageObject","inLanguage":"es","@id":"https:\/\/www.atasgroup.com\/es\/urun\/fe-cimbiz-profesyonel-yan-uclu\/#primaryimage","url":"https:\/\/www.atasgroup.com\/wp-content\/uploads\/2021\/01\/FEPI033-B-Cimbiz-Profesyonel-Yan-Uc\u0327lu-Kutulu-2.jpg","contentUrl":"https:\/\/www.atasgroup.com\/wp-content\/uploads\/2021\/01\/FEPI033-B-Cimbiz-Profesyonel-Yan-Uc\u0327lu-Kutulu-2.jpg","width":2500,"height":2500},{"@type":"BreadcrumbList","@id":"https:\/\/www.atasgroup.com\/es\/urun\/fe-cimbiz-profesyonel-yan-uclu\/#breadcrumb","itemListElement":[{"@type":"ListItem","position":1,"name":"Anasayfa","item":"https:\/\/www.atasgroup.com\/es\/"},{"@type":"ListItem","position":2,"name":"Ma\u011faza","item":"https:\/\/www.atasgroup.com\/magaza\/"},{"@type":"ListItem","position":3,"name":"Fe C\u0131mb\u0131z Profesyonel \/ Yan U\u00e7lu"}]},{"@type":"WebSite","@id":"https:\/\/www.atasgroup.com\/es\/#website","url":"https:\/\/www.atasgroup.com\/es\/","name":"Atasgroup","description":"Atas Group","publisher":{"@id":"https:\/\/www.atasgroup.com\/es\/#organization"},"potentialAction":[{"@type":"SearchAction","target":{"@type":"EntryPoint","urlTemplate":"https:\/\/www.atasgroup.com\/es\/?s={search_term_string}"},"query-input":{"@type":"PropertyValueSpecification","valueRequired":true,"valueName":"search_term_string"}}],"inLanguage":"es"},{"@type":"Organization","@id":"https:\/\/www.atasgroup.com\/es\/#organization","name":"Ata\u015f Group","url":"https:\/\/www.atasgroup.com\/es\/","logo":{"@type":"ImageObject","inLanguage":"es","@id":"https:\/\/www.atasgroup.com\/es\/#\/schema\/logo\/image\/","url":"https:\/\/www.atasgroup.com\/wp-content\/uploads\/2021\/01\/logo.png","contentUrl":"https:\/\/www.atasgroup.com\/wp-content\/uploads\/2021\/01\/logo.png","width":300,"height":72,"caption":"Ata\u015f Group"},"image":{"@id":"https:\/\/www.atasgroup.com\/es\/#\/schema\/logo\/image\/"}}]}},"_links":{"self":[{"href":"https:\/\/www.atasgroup.com\/es\/wp-json\/wp\/v2\/product\/7136"}],"collection":[{"href":"https:\/\/www.atasgroup.com\/es\/wp-json\/wp\/v2\/product"}],"about":[{"href":"https:\/\/www.atasgroup.com\/es\/wp-json\/wp\/v2\/types\/product"}],"wp:featuredmedia":[{"embeddable":true,"href":"https:\/\/www.atasgroup.com\/es\/wp-json\/wp\/v2\/media\/6595"}],"wp:attachment":[{"href":"https:\/\/www.atasgroup.com\/es\/wp-json\/wp\/v2\/media?parent=7136"}],"wp:term":[{"taxonomy":"product_cat","embeddable":true,"href":"https:\/\/www.atasgroup.com\/es\/wp-json\/wp\/v2\/product_cat?post=7136"},{"taxonomy":"product_tag","embeddable":true,"href":"https:\/\/www.atasgroup.com\/es\/wp-json\/wp\/v2\/product_tag?post=7136"}],"curies":[{"name":"wp","href":"https:\/\/api.w.org\/{rel}","templated":true}]}}