{"id":7152,"date":"2021-01-16T18:06:18","date_gmt":"2021-01-16T18:06:18","guid":{"rendered":"http:\/\/www.atasgroup.com\/?product=fe-4-fonksiyonlu-tirnak-parlatici-torpu"},"modified":"2021-05-01T15:08:33","modified_gmt":"2021-05-01T15:08:33","slug":"fe-4-fonksiyonlu-tirnak-parlatici-torpu","status":"publish","type":"product","link":"https:\/\/www.atasgroup.com\/es\/urun\/fe-4-fonksiyonlu-tirnak-parlatici-torpu\/","title":{"rendered":"Fe 4 Fonksiyonlu T\u0131rnak Parlat\u0131c\u0131 T\u00f6rp\u00fc"},"content":{"rendered":"<p>T\u00f6rp\u00fcn\u00fcn her bir y\u00fczeyi 4 ayr\u0131 t\u0131rnak bak\u0131m\u0131 a\u015famas\u0131 i\u00e7in tasarlanm\u0131\u015ft\u0131r.\u00dcr\u00fcn \u00fczerindeki numaralar\u0131 takip ederek bak\u0131m\u0131n\u0131z\u0131 tamamlayabilirsiniz.1. Kal\u0131n y\u00fczey t\u0131rna\u011f\u0131 \u015fekillendirmede,1. Kal\u0131n y\u00fczey t\u0131rna\u011f\u0131 \u015fekillendirmede,2. \u0130nce y\u00fczey t\u0131rna\u011f\u0131 d\u00fczeltmede,3. T\u0131rnak \u00fczerindeki p\u00fcr\u00fczlerin giderilmesinde,4. Parlatma i\u015fleminin yap\u0131lmas\u0131nda kullan\u0131lmaktad\u0131r.<\/p>\n","protected":false},"excerpt":{"rendered":"<p>T\u00f6rp\u00fcn\u00fcn her bir y\u00fczeyi 4 ayr\u0131 t\u0131rnak bak\u0131m\u0131 a\u015famas\u0131 i\u00e7in tasarlanm\u0131\u015ft\u0131r.\u00dcr\u00fcn \u00fczerindeki numaralar\u0131 takip ederek bak\u0131m\u0131n\u0131z\u0131 tamamlayabilirsiniz.1. Kal\u0131n y\u00fczey t\u0131rna\u011f\u0131 \u015fekillendirmede,1. Kal\u0131n y\u00fczey t\u0131rna\u011f\u0131 \u015fekillendirmede,2. \u0130nce y\u00fczey t\u0131rna\u011f\u0131 d\u00fczeltmede,3. T\u0131rnak \u00fczerindeki p\u00fcr\u00fczlerin giderilmesinde,4. Parlatma i\u015fleminin yap\u0131lmas\u0131nda kullan\u0131lmaktad\u0131r.<\/p>\n","protected":false},"featured_media":6614,"template":"","meta":[],"product_cat":[149],"product_tag":[],"yoast_head":"<!-- This site is optimized with the Yoast SEO plugin v24.5 - https:\/\/yoast.com\/wordpress\/plugins\/seo\/ -->\n<title>Fe 4 Fonksiyonlu T\u0131rnak Parlat\u0131c\u0131 T\u00f6rp\u00fc | Atasgroup<\/title>\n<meta name=\"robots\" content=\"index, follow, max-snippet:-1, max-image-preview:large, max-video-preview:-1\" \/>\n<link rel=\"canonical\" href=\"https:\/\/www.atasgroup.com\/es\/urun\/fe-4-fonksiyonlu-tirnak-parlatici-torpu\/\" \/>\n<meta property=\"og:locale\" content=\"es_ES\" \/>\n<meta property=\"og:type\" content=\"article\" \/>\n<meta property=\"og:title\" content=\"Fe 4 Fonksiyonlu T\u0131rnak Parlat\u0131c\u0131 T\u00f6rp\u00fc | Atasgroup\" \/>\n<meta property=\"og:description\" content=\"T\u00f6rp\u00fcn\u00fcn her bir y\u00fczeyi 4 ayr\u0131 t\u0131rnak bak\u0131m\u0131 a\u015famas\u0131 i\u00e7in tasarlanm\u0131\u015ft\u0131r.\u00dcr\u00fcn \u00fczerindeki numaralar\u0131 takip ederek bak\u0131m\u0131n\u0131z\u0131 tamamlayabilirsiniz.1. Kal\u0131n y\u00fczey t\u0131rna\u011f\u0131 \u015fekillendirmede,1. Kal\u0131n y\u00fczey t\u0131rna\u011f\u0131 \u015fekillendirmede,2. \u0130nce y\u00fczey t\u0131rna\u011f\u0131 d\u00fczeltmede,3. T\u0131rnak \u00fczerindeki p\u00fcr\u00fczlerin giderilmesinde,4. Parlatma i\u015fleminin yap\u0131lmas\u0131nda kullan\u0131lmaktad\u0131r.\" \/>\n<meta property=\"og:url\" content=\"https:\/\/www.atasgroup.com\/es\/urun\/fe-4-fonksiyonlu-tirnak-parlatici-torpu\/\" \/>\n<meta property=\"og:site_name\" content=\"Atasgroup\" \/>\n<meta property=\"article:modified_time\" content=\"2021-05-01T15:08:33+00:00\" \/>\n<meta property=\"og:image\" content=\"https:\/\/www.atasgroup.com\/wp-content\/uploads\/2021\/01\/FEPI047-4-Fonksiyonlu-Tirnak-Parlatici-Kutulu.jpg\" \/>\n\t<meta property=\"og:image:width\" content=\"2500\" \/>\n\t<meta property=\"og:image:height\" content=\"2500\" \/>\n\t<meta property=\"og:image:type\" content=\"image\/jpeg\" \/>\n<meta name=\"twitter:card\" content=\"summary_large_image\" \/>\n<script type=\"application\/ld+json\" class=\"yoast-schema-graph\">{\"@context\":\"https:\/\/schema.org\",\"@graph\":[{\"@type\":\"WebPage\",\"@id\":\"https:\/\/www.atasgroup.com\/es\/urun\/fe-4-fonksiyonlu-tirnak-parlatici-torpu\/\",\"url\":\"https:\/\/www.atasgroup.com\/es\/urun\/fe-4-fonksiyonlu-tirnak-parlatici-torpu\/\",\"name\":\"Fe 4 Fonksiyonlu T\u0131rnak Parlat\u0131c\u0131 T\u00f6rp\u00fc | Atasgroup\",\"isPartOf\":{\"@id\":\"https:\/\/www.atasgroup.com\/es\/#website\"},\"primaryImageOfPage\":{\"@id\":\"https:\/\/www.atasgroup.com\/es\/urun\/fe-4-fonksiyonlu-tirnak-parlatici-torpu\/#primaryimage\"},\"image\":{\"@id\":\"https:\/\/www.atasgroup.com\/es\/urun\/fe-4-fonksiyonlu-tirnak-parlatici-torpu\/#primaryimage\"},\"thumbnailUrl\":\"https:\/\/www.atasgroup.com\/wp-content\/uploads\/2021\/01\/FEPI047-4-Fonksiyonlu-Tirnak-Parlatici-Kutulu.jpg\",\"datePublished\":\"2021-01-16T18:06:18+00:00\",\"dateModified\":\"2021-05-01T15:08:33+00:00\",\"breadcrumb\":{\"@id\":\"https:\/\/www.atasgroup.com\/es\/urun\/fe-4-fonksiyonlu-tirnak-parlatici-torpu\/#breadcrumb\"},\"inLanguage\":\"es\",\"potentialAction\":[{\"@type\":\"ReadAction\",\"target\":[\"https:\/\/www.atasgroup.com\/es\/urun\/fe-4-fonksiyonlu-tirnak-parlatici-torpu\/\"]}]},{\"@type\":\"ImageObject\",\"inLanguage\":\"es\",\"@id\":\"https:\/\/www.atasgroup.com\/es\/urun\/fe-4-fonksiyonlu-tirnak-parlatici-torpu\/#primaryimage\",\"url\":\"https:\/\/www.atasgroup.com\/wp-content\/uploads\/2021\/01\/FEPI047-4-Fonksiyonlu-Tirnak-Parlatici-Kutulu.jpg\",\"contentUrl\":\"https:\/\/www.atasgroup.com\/wp-content\/uploads\/2021\/01\/FEPI047-4-Fonksiyonlu-Tirnak-Parlatici-Kutulu.jpg\",\"width\":2500,\"height\":2500},{\"@type\":\"BreadcrumbList\",\"@id\":\"https:\/\/www.atasgroup.com\/es\/urun\/fe-4-fonksiyonlu-tirnak-parlatici-torpu\/#breadcrumb\",\"itemListElement\":[{\"@type\":\"ListItem\",\"position\":1,\"name\":\"Anasayfa\",\"item\":\"https:\/\/www.atasgroup.com\/es\/\"},{\"@type\":\"ListItem\",\"position\":2,\"name\":\"Ma\u011faza\",\"item\":\"https:\/\/www.atasgroup.com\/magaza\/\"},{\"@type\":\"ListItem\",\"position\":3,\"name\":\"Fe 4 Fonksiyonlu T\u0131rnak Parlat\u0131c\u0131 T\u00f6rp\u00fc\"}]},{\"@type\":\"WebSite\",\"@id\":\"https:\/\/www.atasgroup.com\/es\/#website\",\"url\":\"https:\/\/www.atasgroup.com\/es\/\",\"name\":\"Atasgroup\",\"description\":\"Atas Group\",\"publisher\":{\"@id\":\"https:\/\/www.atasgroup.com\/es\/#organization\"},\"potentialAction\":[{\"@type\":\"SearchAction\",\"target\":{\"@type\":\"EntryPoint\",\"urlTemplate\":\"https:\/\/www.atasgroup.com\/es\/?s={search_term_string}\"},\"query-input\":{\"@type\":\"PropertyValueSpecification\",\"valueRequired\":true,\"valueName\":\"search_term_string\"}}],\"inLanguage\":\"es\"},{\"@type\":\"Organization\",\"@id\":\"https:\/\/www.atasgroup.com\/es\/#organization\",\"name\":\"Ata\u015f Group\",\"url\":\"https:\/\/www.atasgroup.com\/es\/\",\"logo\":{\"@type\":\"ImageObject\",\"inLanguage\":\"es\",\"@id\":\"https:\/\/www.atasgroup.com\/es\/#\/schema\/logo\/image\/\",\"url\":\"https:\/\/www.atasgroup.com\/wp-content\/uploads\/2021\/01\/logo.png\",\"contentUrl\":\"https:\/\/www.atasgroup.com\/wp-content\/uploads\/2021\/01\/logo.png\",\"width\":300,\"height\":72,\"caption\":\"Ata\u015f Group\"},\"image\":{\"@id\":\"https:\/\/www.atasgroup.com\/es\/#\/schema\/logo\/image\/\"}}]}<\/script>\n<!-- \/ Yoast SEO plugin. -->","yoast_head_json":{"title":"Fe 4 Fonksiyonlu T\u0131rnak Parlat\u0131c\u0131 T\u00f6rp\u00fc | Atasgroup","robots":{"index":"index","follow":"follow","max-snippet":"max-snippet:-1","max-image-preview":"max-image-preview:large","max-video-preview":"max-video-preview:-1"},"canonical":"https:\/\/www.atasgroup.com\/es\/urun\/fe-4-fonksiyonlu-tirnak-parlatici-torpu\/","og_locale":"es_ES","og_type":"article","og_title":"Fe 4 Fonksiyonlu T\u0131rnak Parlat\u0131c\u0131 T\u00f6rp\u00fc | Atasgroup","og_description":"T\u00f6rp\u00fcn\u00fcn her bir y\u00fczeyi 4 ayr\u0131 t\u0131rnak bak\u0131m\u0131 a\u015famas\u0131 i\u00e7in tasarlanm\u0131\u015ft\u0131r.\u00dcr\u00fcn \u00fczerindeki numaralar\u0131 takip ederek bak\u0131m\u0131n\u0131z\u0131 tamamlayabilirsiniz.1. Kal\u0131n y\u00fczey t\u0131rna\u011f\u0131 \u015fekillendirmede,1. Kal\u0131n y\u00fczey t\u0131rna\u011f\u0131 \u015fekillendirmede,2. \u0130nce y\u00fczey t\u0131rna\u011f\u0131 d\u00fczeltmede,3. T\u0131rnak \u00fczerindeki p\u00fcr\u00fczlerin giderilmesinde,4. Parlatma i\u015fleminin yap\u0131lmas\u0131nda kullan\u0131lmaktad\u0131r.","og_url":"https:\/\/www.atasgroup.com\/es\/urun\/fe-4-fonksiyonlu-tirnak-parlatici-torpu\/","og_site_name":"Atasgroup","article_modified_time":"2021-05-01T15:08:33+00:00","og_image":[{"width":2500,"height":2500,"url":"https:\/\/www.atasgroup.com\/wp-content\/uploads\/2021\/01\/FEPI047-4-Fonksiyonlu-Tirnak-Parlatici-Kutulu.jpg","type":"image\/jpeg"}],"twitter_card":"summary_large_image","schema":{"@context":"https:\/\/schema.org","@graph":[{"@type":"WebPage","@id":"https:\/\/www.atasgroup.com\/es\/urun\/fe-4-fonksiyonlu-tirnak-parlatici-torpu\/","url":"https:\/\/www.atasgroup.com\/es\/urun\/fe-4-fonksiyonlu-tirnak-parlatici-torpu\/","name":"Fe 4 Fonksiyonlu T\u0131rnak Parlat\u0131c\u0131 T\u00f6rp\u00fc | Atasgroup","isPartOf":{"@id":"https:\/\/www.atasgroup.com\/es\/#website"},"primaryImageOfPage":{"@id":"https:\/\/www.atasgroup.com\/es\/urun\/fe-4-fonksiyonlu-tirnak-parlatici-torpu\/#primaryimage"},"image":{"@id":"https:\/\/www.atasgroup.com\/es\/urun\/fe-4-fonksiyonlu-tirnak-parlatici-torpu\/#primaryimage"},"thumbnailUrl":"https:\/\/www.atasgroup.com\/wp-content\/uploads\/2021\/01\/FEPI047-4-Fonksiyonlu-Tirnak-Parlatici-Kutulu.jpg","datePublished":"2021-01-16T18:06:18+00:00","dateModified":"2021-05-01T15:08:33+00:00","breadcrumb":{"@id":"https:\/\/www.atasgroup.com\/es\/urun\/fe-4-fonksiyonlu-tirnak-parlatici-torpu\/#breadcrumb"},"inLanguage":"es","potentialAction":[{"@type":"ReadAction","target":["https:\/\/www.atasgroup.com\/es\/urun\/fe-4-fonksiyonlu-tirnak-parlatici-torpu\/"]}]},{"@type":"ImageObject","inLanguage":"es","@id":"https:\/\/www.atasgroup.com\/es\/urun\/fe-4-fonksiyonlu-tirnak-parlatici-torpu\/#primaryimage","url":"https:\/\/www.atasgroup.com\/wp-content\/uploads\/2021\/01\/FEPI047-4-Fonksiyonlu-Tirnak-Parlatici-Kutulu.jpg","contentUrl":"https:\/\/www.atasgroup.com\/wp-content\/uploads\/2021\/01\/FEPI047-4-Fonksiyonlu-Tirnak-Parlatici-Kutulu.jpg","width":2500,"height":2500},{"@type":"BreadcrumbList","@id":"https:\/\/www.atasgroup.com\/es\/urun\/fe-4-fonksiyonlu-tirnak-parlatici-torpu\/#breadcrumb","itemListElement":[{"@type":"ListItem","position":1,"name":"Anasayfa","item":"https:\/\/www.atasgroup.com\/es\/"},{"@type":"ListItem","position":2,"name":"Ma\u011faza","item":"https:\/\/www.atasgroup.com\/magaza\/"},{"@type":"ListItem","position":3,"name":"Fe 4 Fonksiyonlu T\u0131rnak Parlat\u0131c\u0131 T\u00f6rp\u00fc"}]},{"@type":"WebSite","@id":"https:\/\/www.atasgroup.com\/es\/#website","url":"https:\/\/www.atasgroup.com\/es\/","name":"Atasgroup","description":"Atas Group","publisher":{"@id":"https:\/\/www.atasgroup.com\/es\/#organization"},"potentialAction":[{"@type":"SearchAction","target":{"@type":"EntryPoint","urlTemplate":"https:\/\/www.atasgroup.com\/es\/?s={search_term_string}"},"query-input":{"@type":"PropertyValueSpecification","valueRequired":true,"valueName":"search_term_string"}}],"inLanguage":"es"},{"@type":"Organization","@id":"https:\/\/www.atasgroup.com\/es\/#organization","name":"Ata\u015f Group","url":"https:\/\/www.atasgroup.com\/es\/","logo":{"@type":"ImageObject","inLanguage":"es","@id":"https:\/\/www.atasgroup.com\/es\/#\/schema\/logo\/image\/","url":"https:\/\/www.atasgroup.com\/wp-content\/uploads\/2021\/01\/logo.png","contentUrl":"https:\/\/www.atasgroup.com\/wp-content\/uploads\/2021\/01\/logo.png","width":300,"height":72,"caption":"Ata\u015f Group"},"image":{"@id":"https:\/\/www.atasgroup.com\/es\/#\/schema\/logo\/image\/"}}]}},"_links":{"self":[{"href":"https:\/\/www.atasgroup.com\/es\/wp-json\/wp\/v2\/product\/7152"}],"collection":[{"href":"https:\/\/www.atasgroup.com\/es\/wp-json\/wp\/v2\/product"}],"about":[{"href":"https:\/\/www.atasgroup.com\/es\/wp-json\/wp\/v2\/types\/product"}],"wp:featuredmedia":[{"embeddable":true,"href":"https:\/\/www.atasgroup.com\/es\/wp-json\/wp\/v2\/media\/6614"}],"wp:attachment":[{"href":"https:\/\/www.atasgroup.com\/es\/wp-json\/wp\/v2\/media?parent=7152"}],"wp:term":[{"taxonomy":"product_cat","embeddable":true,"href":"https:\/\/www.atasgroup.com\/es\/wp-json\/wp\/v2\/product_cat?post=7152"},{"taxonomy":"product_tag","embeddable":true,"href":"https:\/\/www.atasgroup.com\/es\/wp-json\/wp\/v2\/product_tag?post=7152"}],"curies":[{"name":"wp","href":"https:\/\/api.w.org\/{rel}","templated":true}]}}