{"id":7204,"date":"2021-01-16T18:06:28","date_gmt":"2021-01-16T18:06:28","guid":{"rendered":"http:\/\/www.atasgroup.com\/?product=fe-in-style-ahsap-firca-115"},"modified":"2021-05-01T14:30:32","modified_gmt":"2021-05-01T14:30:32","slug":"fe-in-style-ahsap-firca-115","status":"publish","type":"product","link":"https:\/\/www.atasgroup.com\/es\/urun\/fe-in-style-ahsap-firca-115\/","title":{"rendered":"Fe In Style Ahsap F\u0131r\u00e7a  115"},"content":{"rendered":"<p>Profesyonel bir modeldir. En ideal k\u0131l kar\u0131\u015f\u0131m olan do\u011fal k\u0131l ve \u0131s\u0131ya dayan\u0131kl\u0131 naylon k\u0131l kar\u0131\u015f\u0131m\u0131ndan \u00fcretilmi\u015ftir. Ah\u015fap k\u00f6\u015feli sap elde kaymay\u0131 \u00f6nler. \u00c7ap 18 mm ve 10 s\u0131ra k\u0131l, uzunluk 230 mm ve 15 s\u0131ra k\u0131ldan olu\u015fmaktad\u0131r.<\/p>\n","protected":false},"excerpt":{"rendered":"<p>Profesyonel bir modeldir. En ideal k\u0131l kar\u0131\u015f\u0131m olan do\u011fal k\u0131l ve \u0131s\u0131ya dayan\u0131kl\u0131 naylon k\u0131l kar\u0131\u015f\u0131m\u0131ndan \u00fcretilmi\u015ftir. Ah\u015fap k\u00f6\u015feli sap elde kaymay\u0131 \u00f6nler. \u00c7ap 18 mm ve 10 s\u0131ra k\u0131l, uzunluk 230 mm ve 15 s\u0131ra k\u0131ldan olu\u015fmaktad\u0131r.<\/p>\n","protected":false},"featured_media":6308,"template":"","meta":[],"product_cat":[151],"product_tag":[],"yoast_head":"<!-- This site is optimized with the Yoast SEO plugin v24.5 - https:\/\/yoast.com\/wordpress\/plugins\/seo\/ -->\n<title>Fe In Style Ahsap F\u0131r\u00e7a 115 | Atasgroup<\/title>\n<meta name=\"robots\" content=\"index, follow, max-snippet:-1, max-image-preview:large, max-video-preview:-1\" \/>\n<link rel=\"canonical\" href=\"https:\/\/www.atasgroup.com\/es\/urun\/fe-in-style-ahsap-firca-115\/\" \/>\n<meta property=\"og:locale\" content=\"es_ES\" \/>\n<meta property=\"og:type\" content=\"article\" \/>\n<meta property=\"og:title\" content=\"Fe In Style Ahsap F\u0131r\u00e7a 115 | Atasgroup\" \/>\n<meta property=\"og:description\" content=\"Profesyonel bir modeldir. En ideal k\u0131l kar\u0131\u015f\u0131m olan do\u011fal k\u0131l ve \u0131s\u0131ya dayan\u0131kl\u0131 naylon k\u0131l kar\u0131\u015f\u0131m\u0131ndan \u00fcretilmi\u015ftir. Ah\u015fap k\u00f6\u015feli sap elde kaymay\u0131 \u00f6nler. \u00c7ap 18 mm ve 10 s\u0131ra k\u0131l, uzunluk 230 mm ve 15 s\u0131ra k\u0131ldan olu\u015fmaktad\u0131r.\" \/>\n<meta property=\"og:url\" content=\"https:\/\/www.atasgroup.com\/es\/urun\/fe-in-style-ahsap-firca-115\/\" \/>\n<meta property=\"og:site_name\" content=\"Atasgroup\" \/>\n<meta property=\"article:modified_time\" content=\"2021-05-01T14:30:32+00:00\" \/>\n<meta property=\"og:image\" content=\"https:\/\/www.atasgroup.com\/wp-content\/uploads\/2021\/01\/FECH115-FE-IN-Style-Ahs\u0327ap-Firc\u0327a-Kutulu-4.jpg\" \/>\n\t<meta property=\"og:image:width\" content=\"591\" \/>\n\t<meta property=\"og:image:height\" content=\"591\" \/>\n\t<meta property=\"og:image:type\" content=\"image\/jpeg\" \/>\n<meta name=\"twitter:card\" content=\"summary_large_image\" \/>\n<script type=\"application\/ld+json\" class=\"yoast-schema-graph\">{\"@context\":\"https:\/\/schema.org\",\"@graph\":[{\"@type\":\"WebPage\",\"@id\":\"https:\/\/www.atasgroup.com\/es\/urun\/fe-in-style-ahsap-firca-115\/\",\"url\":\"https:\/\/www.atasgroup.com\/es\/urun\/fe-in-style-ahsap-firca-115\/\",\"name\":\"Fe In Style Ahsap F\u0131r\u00e7a 115 | Atasgroup\",\"isPartOf\":{\"@id\":\"https:\/\/www.atasgroup.com\/es\/#website\"},\"primaryImageOfPage\":{\"@id\":\"https:\/\/www.atasgroup.com\/es\/urun\/fe-in-style-ahsap-firca-115\/#primaryimage\"},\"image\":{\"@id\":\"https:\/\/www.atasgroup.com\/es\/urun\/fe-in-style-ahsap-firca-115\/#primaryimage\"},\"thumbnailUrl\":\"https:\/\/www.atasgroup.com\/wp-content\/uploads\/2021\/01\/FECH115-FE-IN-Style-Ahs\u0327ap-Firc\u0327a-Kutulu-4.jpg\",\"datePublished\":\"2021-01-16T18:06:28+00:00\",\"dateModified\":\"2021-05-01T14:30:32+00:00\",\"breadcrumb\":{\"@id\":\"https:\/\/www.atasgroup.com\/es\/urun\/fe-in-style-ahsap-firca-115\/#breadcrumb\"},\"inLanguage\":\"es\",\"potentialAction\":[{\"@type\":\"ReadAction\",\"target\":[\"https:\/\/www.atasgroup.com\/es\/urun\/fe-in-style-ahsap-firca-115\/\"]}]},{\"@type\":\"ImageObject\",\"inLanguage\":\"es\",\"@id\":\"https:\/\/www.atasgroup.com\/es\/urun\/fe-in-style-ahsap-firca-115\/#primaryimage\",\"url\":\"https:\/\/www.atasgroup.com\/wp-content\/uploads\/2021\/01\/FECH115-FE-IN-Style-Ahs\u0327ap-Firc\u0327a-Kutulu-4.jpg\",\"contentUrl\":\"https:\/\/www.atasgroup.com\/wp-content\/uploads\/2021\/01\/FECH115-FE-IN-Style-Ahs\u0327ap-Firc\u0327a-Kutulu-4.jpg\",\"width\":591,\"height\":591},{\"@type\":\"BreadcrumbList\",\"@id\":\"https:\/\/www.atasgroup.com\/es\/urun\/fe-in-style-ahsap-firca-115\/#breadcrumb\",\"itemListElement\":[{\"@type\":\"ListItem\",\"position\":1,\"name\":\"Anasayfa\",\"item\":\"https:\/\/www.atasgroup.com\/es\/\"},{\"@type\":\"ListItem\",\"position\":2,\"name\":\"Ma\u011faza\",\"item\":\"https:\/\/www.atasgroup.com\/magaza\/\"},{\"@type\":\"ListItem\",\"position\":3,\"name\":\"Fe In Style Ahsap F\u0131r\u00e7a 115\"}]},{\"@type\":\"WebSite\",\"@id\":\"https:\/\/www.atasgroup.com\/es\/#website\",\"url\":\"https:\/\/www.atasgroup.com\/es\/\",\"name\":\"Atasgroup\",\"description\":\"Atas Group\",\"publisher\":{\"@id\":\"https:\/\/www.atasgroup.com\/es\/#organization\"},\"potentialAction\":[{\"@type\":\"SearchAction\",\"target\":{\"@type\":\"EntryPoint\",\"urlTemplate\":\"https:\/\/www.atasgroup.com\/es\/?s={search_term_string}\"},\"query-input\":{\"@type\":\"PropertyValueSpecification\",\"valueRequired\":true,\"valueName\":\"search_term_string\"}}],\"inLanguage\":\"es\"},{\"@type\":\"Organization\",\"@id\":\"https:\/\/www.atasgroup.com\/es\/#organization\",\"name\":\"Ata\u015f Group\",\"url\":\"https:\/\/www.atasgroup.com\/es\/\",\"logo\":{\"@type\":\"ImageObject\",\"inLanguage\":\"es\",\"@id\":\"https:\/\/www.atasgroup.com\/es\/#\/schema\/logo\/image\/\",\"url\":\"https:\/\/www.atasgroup.com\/wp-content\/uploads\/2021\/01\/logo.png\",\"contentUrl\":\"https:\/\/www.atasgroup.com\/wp-content\/uploads\/2021\/01\/logo.png\",\"width\":300,\"height\":72,\"caption\":\"Ata\u015f Group\"},\"image\":{\"@id\":\"https:\/\/www.atasgroup.com\/es\/#\/schema\/logo\/image\/\"}}]}<\/script>\n<!-- \/ Yoast SEO plugin. -->","yoast_head_json":{"title":"Fe In Style Ahsap F\u0131r\u00e7a 115 | Atasgroup","robots":{"index":"index","follow":"follow","max-snippet":"max-snippet:-1","max-image-preview":"max-image-preview:large","max-video-preview":"max-video-preview:-1"},"canonical":"https:\/\/www.atasgroup.com\/es\/urun\/fe-in-style-ahsap-firca-115\/","og_locale":"es_ES","og_type":"article","og_title":"Fe In Style Ahsap F\u0131r\u00e7a 115 | Atasgroup","og_description":"Profesyonel bir modeldir. En ideal k\u0131l kar\u0131\u015f\u0131m olan do\u011fal k\u0131l ve \u0131s\u0131ya dayan\u0131kl\u0131 naylon k\u0131l kar\u0131\u015f\u0131m\u0131ndan \u00fcretilmi\u015ftir. Ah\u015fap k\u00f6\u015feli sap elde kaymay\u0131 \u00f6nler. \u00c7ap 18 mm ve 10 s\u0131ra k\u0131l, uzunluk 230 mm ve 15 s\u0131ra k\u0131ldan olu\u015fmaktad\u0131r.","og_url":"https:\/\/www.atasgroup.com\/es\/urun\/fe-in-style-ahsap-firca-115\/","og_site_name":"Atasgroup","article_modified_time":"2021-05-01T14:30:32+00:00","og_image":[{"width":591,"height":591,"url":"https:\/\/www.atasgroup.com\/wp-content\/uploads\/2021\/01\/FECH115-FE-IN-Style-Ahs\u0327ap-Firc\u0327a-Kutulu-4.jpg","type":"image\/jpeg"}],"twitter_card":"summary_large_image","schema":{"@context":"https:\/\/schema.org","@graph":[{"@type":"WebPage","@id":"https:\/\/www.atasgroup.com\/es\/urun\/fe-in-style-ahsap-firca-115\/","url":"https:\/\/www.atasgroup.com\/es\/urun\/fe-in-style-ahsap-firca-115\/","name":"Fe In Style Ahsap F\u0131r\u00e7a 115 | Atasgroup","isPartOf":{"@id":"https:\/\/www.atasgroup.com\/es\/#website"},"primaryImageOfPage":{"@id":"https:\/\/www.atasgroup.com\/es\/urun\/fe-in-style-ahsap-firca-115\/#primaryimage"},"image":{"@id":"https:\/\/www.atasgroup.com\/es\/urun\/fe-in-style-ahsap-firca-115\/#primaryimage"},"thumbnailUrl":"https:\/\/www.atasgroup.com\/wp-content\/uploads\/2021\/01\/FECH115-FE-IN-Style-Ahs\u0327ap-Firc\u0327a-Kutulu-4.jpg","datePublished":"2021-01-16T18:06:28+00:00","dateModified":"2021-05-01T14:30:32+00:00","breadcrumb":{"@id":"https:\/\/www.atasgroup.com\/es\/urun\/fe-in-style-ahsap-firca-115\/#breadcrumb"},"inLanguage":"es","potentialAction":[{"@type":"ReadAction","target":["https:\/\/www.atasgroup.com\/es\/urun\/fe-in-style-ahsap-firca-115\/"]}]},{"@type":"ImageObject","inLanguage":"es","@id":"https:\/\/www.atasgroup.com\/es\/urun\/fe-in-style-ahsap-firca-115\/#primaryimage","url":"https:\/\/www.atasgroup.com\/wp-content\/uploads\/2021\/01\/FECH115-FE-IN-Style-Ahs\u0327ap-Firc\u0327a-Kutulu-4.jpg","contentUrl":"https:\/\/www.atasgroup.com\/wp-content\/uploads\/2021\/01\/FECH115-FE-IN-Style-Ahs\u0327ap-Firc\u0327a-Kutulu-4.jpg","width":591,"height":591},{"@type":"BreadcrumbList","@id":"https:\/\/www.atasgroup.com\/es\/urun\/fe-in-style-ahsap-firca-115\/#breadcrumb","itemListElement":[{"@type":"ListItem","position":1,"name":"Anasayfa","item":"https:\/\/www.atasgroup.com\/es\/"},{"@type":"ListItem","position":2,"name":"Ma\u011faza","item":"https:\/\/www.atasgroup.com\/magaza\/"},{"@type":"ListItem","position":3,"name":"Fe In Style Ahsap F\u0131r\u00e7a 115"}]},{"@type":"WebSite","@id":"https:\/\/www.atasgroup.com\/es\/#website","url":"https:\/\/www.atasgroup.com\/es\/","name":"Atasgroup","description":"Atas Group","publisher":{"@id":"https:\/\/www.atasgroup.com\/es\/#organization"},"potentialAction":[{"@type":"SearchAction","target":{"@type":"EntryPoint","urlTemplate":"https:\/\/www.atasgroup.com\/es\/?s={search_term_string}"},"query-input":{"@type":"PropertyValueSpecification","valueRequired":true,"valueName":"search_term_string"}}],"inLanguage":"es"},{"@type":"Organization","@id":"https:\/\/www.atasgroup.com\/es\/#organization","name":"Ata\u015f Group","url":"https:\/\/www.atasgroup.com\/es\/","logo":{"@type":"ImageObject","inLanguage":"es","@id":"https:\/\/www.atasgroup.com\/es\/#\/schema\/logo\/image\/","url":"https:\/\/www.atasgroup.com\/wp-content\/uploads\/2021\/01\/logo.png","contentUrl":"https:\/\/www.atasgroup.com\/wp-content\/uploads\/2021\/01\/logo.png","width":300,"height":72,"caption":"Ata\u015f Group"},"image":{"@id":"https:\/\/www.atasgroup.com\/es\/#\/schema\/logo\/image\/"}}]}},"_links":{"self":[{"href":"https:\/\/www.atasgroup.com\/es\/wp-json\/wp\/v2\/product\/7204"}],"collection":[{"href":"https:\/\/www.atasgroup.com\/es\/wp-json\/wp\/v2\/product"}],"about":[{"href":"https:\/\/www.atasgroup.com\/es\/wp-json\/wp\/v2\/types\/product"}],"wp:featuredmedia":[{"embeddable":true,"href":"https:\/\/www.atasgroup.com\/es\/wp-json\/wp\/v2\/media\/6308"}],"wp:attachment":[{"href":"https:\/\/www.atasgroup.com\/es\/wp-json\/wp\/v2\/media?parent=7204"}],"wp:term":[{"taxonomy":"product_cat","embeddable":true,"href":"https:\/\/www.atasgroup.com\/es\/wp-json\/wp\/v2\/product_cat?post=7204"},{"taxonomy":"product_tag","embeddable":true,"href":"https:\/\/www.atasgroup.com\/es\/wp-json\/wp\/v2\/product_tag?post=7204"}],"curies":[{"name":"wp","href":"https:\/\/api.w.org\/{rel}","templated":true}]}}